
{"id":132,"date":"2018-06-18T21:02:05","date_gmt":"2018-06-18T21:02:05","guid":{"rendered":"http:\/\/blog.valdosta.edu\/ehparra\/?page_id=132"},"modified":"2022-06-16T17:10:25","modified_gmt":"2022-06-16T17:10:25","slug":"research-investigacion-academica","status":"publish","type":"page","link":"https:\/\/blog.valdosta.edu\/ehparra\/research-investigacion-academica\/","title":{"rendered":"Research | Investigaci\u00f3n"},"content":{"rendered":"<p><strong>Research | Investigaci\u00f3n<\/strong><\/p>\n<p>Research is the path to finding answers and asking questions to complex problems. It is a work-in-progress. Her research interest conveys how women gain awareness of their personal circumstances and experiences. She has published articles and book chapters as follows:<\/p>\n<p><strong>MANUSCRIPT<\/strong><\/p>\n<p><span class=\"TextRun SCXW200764599 BCX0\" lang=\"ES-ES\" xml:lang=\"ES-ES\" data-contrast=\"auto\"><span class=\"NormalTextRun SCXW200764599 BCX0\">M\u00e1s all\u00e1 de las fronteras narrativas: escritoras cubanas y su desterritorializaci<\/span><span class=\"NormalTextRun SCXW200764599 BCX0\">\u00f3n. <\/span><\/span><span class=\"TextRun SCXW200764599 BCX0\" lang=\"EN-US\" xml:lang=\"EN-US\" data-contrast=\"auto\"><span class=\"NormalTextRun SCXW200764599 BCX0\">2018.<\/span><\/span> <span class=\"TextRun SCXW200764599 BCX0\" lang=\"EN-US\" xml:lang=\"EN-US\" data-contrast=\"auto\"><span class=\"NormalTextRun SCXW200764599 BCX0\">(<\/span><span class=\"NormalTextRun SCXW200764599 BCX0\">Submitted <\/span><span class=\"NormalTextRun SCXW200764599 BCX0\">in 2018)<\/span><\/span><\/p>\n<p><strong>PUBLICATIONS<\/strong><strong>\u00a0<\/strong><\/p>\n<p><span data-contrast=\"none\">\u201cPerforming Violence: Virgins, Witches, and Cooks in Carmen Boullosa\u2019s Dramaturgy.\u201d <\/span><span data-contrast=\"none\">Vernon Press, (Forthcoming 2023).<\/span><span data-ccp-props=\"{&quot;201341983&quot;:0,&quot;335559739&quot;:120,&quot;335559740&quot;:240}\">\u00a0<\/span><\/p>\n<p><span data-contrast=\"none\">\u201c<\/span><i><span data-contrast=\"none\">Alien <\/span><\/i><span data-contrast=\"none\">y fronteras en la ciencia ficci\u00f3n: un acto pol\u00edtico<\/span><i><span data-contrast=\"none\">.\u201d <\/span><\/i><span data-contrast=\"none\">(<\/span><i><span data-contrast=\"none\">Aliens <\/span><\/i><span data-contrast=\"none\">and Frontiers in Science Fiction: A Political Act). Orbitus Tertius, Colecci\u00f3n Universitas. (Forthcoming 2022).<\/span><span data-ccp-props=\"{&quot;201341983&quot;:0,&quot;335559739&quot;:120,&quot;335559740&quot;:240}\">\u00a0<\/span><\/p>\n<p><span class=\"TextRun SCXW252457695 BCX0\" lang=\"ES-ES\" xml:lang=\"ES-ES\" data-contrast=\"auto\"><span class=\"NormalTextRun SCXW252457695 BCX0\" data-ccp-parastyle=\"paragraph\" data-ccp-parastyle-defn=\"{&quot;ObjectId&quot;:&quot;8b793bde-9716-4919-bda6-392e66411eec|26&quot;,&quot;ClassId&quot;:1073872969,&quot;Properties&quot;:[469775450,&quot;paragraph&quot;,201340122,&quot;2&quot;,134233614,&quot;true&quot;,469778129,&quot;paragraph&quot;,335572020,&quot;1&quot;,469777841,&quot;Times New Roman&quot;,469777842,&quot;Times New Roman&quot;,469777843,&quot;Times New Roman&quot;,469777844,&quot;Times New Roman&quot;,469769226,&quot;Times New Roman&quot;,268442635,&quot;24&quot;,335559740,&quot;240&quot;,201341983,&quot;0&quot;,134233118,&quot;true&quot;,134233117,&quot;true&quot;,469778324,&quot;Normal&quot;]}\">\u201c<\/span><span class=\"NormalTextRun SCXW252457695 BCX0\" data-ccp-charstyle=\"normaltextrun\" data-ccp-charstyle-defn=\"{&quot;ObjectId&quot;:&quot;8b793bde-9716-4919-bda6-392e66411eec|27&quot;,&quot;ClassId&quot;:1073872969,&quot;Properties&quot;:[469775450,&quot;normaltextrun&quot;,201340122,&quot;1&quot;,134233614,&quot;true&quot;,469778129,&quot;normaltextrun&quot;,335572020,&quot;1&quot;,469778324,&quot;Default Paragraph Font&quot;]}\">Lecciones\u202fde\u202fcocina\u202fpara\u202fconcientizar: hacia una\u202fest\u00e9tica\u202fde\u202fla\u202fviolencia\u202fen los <\/span><span class=\"NormalTextRun SCXW252457695 BCX0\" data-ccp-charstyle=\"normaltextrun\">trabajos de Rosario Castellanos, Fernanda Melchor\u202fy Nadia Villanueva<\/span><span class=\"NormalTextRun SCXW252457695 BCX0\" data-ccp-charstyle=\"eop\" data-ccp-charstyle-defn=\"{&quot;ObjectId&quot;:&quot;8b793bde-9716-4919-bda6-392e66411eec|28&quot;,&quot;ClassId&quot;:1073872969,&quot;Properties&quot;:[469775450,&quot;eop&quot;,201340122,&quot;1&quot;,134233614,&quot;true&quot;,469778129,&quot;eop&quot;,335572020,&quot;1&quot;,469778324,&quot;Default Paragraph Font&quot;]}\">\u201d [<\/span><span class=\"NormalTextRun SpellingErrorV2 SCXW252457695 BCX0\" data-ccp-charstyle=\"eop\">Cooking<\/span> <span class=\"NormalTextRun SpellingErrorV2 SCXW252457695 BCX0\" data-ccp-charstyle=\"eop\">Lessons<\/span> <span class=\"NormalTextRun SpellingErrorV2 SCXW252457695 BCX0\" data-ccp-charstyle=\"eop\">to<\/span> <span class=\"NormalTextRun SpellingErrorV2 SCXW252457695 BCX0\" data-ccp-charstyle=\"eop\">Raise<\/span> <span class=\"NormalTextRun SpellingErrorV2 SCXW252457695 BCX0\" data-ccp-charstyle=\"eop\">Awarness<\/span><span class=\"NormalTextRun SCXW252457695 BCX0\" data-ccp-charstyle=\"eop\">: <\/span><span class=\"NormalTextRun SpellingErrorV2 SCXW252457695 BCX0\" data-ccp-charstyle=\"eop\">Toward<\/span> <span class=\"NormalTextRun SpellingErrorV2 SCXW252457695 BCX0\" data-ccp-charstyle=\"eop\">an<\/span> <span class=\"NormalTextRun SpellingErrorV2 SCXW252457695 BCX0\" data-ccp-charstyle=\"eop\">Aesthetic<\/span> <span class=\"NormalTextRun SpellingErrorV2 SCXW252457695 BCX0\" data-ccp-charstyle=\"eop\">of<\/span> <span class=\"NormalTextRun SpellingErrorV2 SCXW252457695 BCX0\" data-ccp-charstyle=\"eop\">Violence<\/span><span class=\"NormalTextRun SCXW252457695 BCX0\" data-ccp-charstyle=\"eop\"> in Rosario Castellanos, Fernanda Melchor and Nadia <\/span><span class=\"NormalTextRun SpellingErrorV2 SCXW252457695 BCX0\" data-ccp-charstyle=\"eop\">Villanueva\u2019s<\/span><span class=\"NormalTextRun SCXW252457695 BCX0\" data-ccp-charstyle=\"eop\"> Works]. Literatura latinoamericana, 2022. <\/span><\/span><span class=\"TextRun Highlight SCXW252457695 BCX0\" lang=\"ES-ES\" xml:lang=\"ES-ES\" data-contrast=\"none\"><span class=\"NormalTextRun SpellingErrorV2 SCXW252457695 BCX0\" data-ccp-parastyle=\"paragraph\">\u00a0225-232<\/span><\/span><\/p>\n<p><span data-contrast=\"auto\">\u201cDe fantasmas y otros espectros en la cuent\u00edstica de Mar\u00eda Elena Llana o cuando la memoria no da tregua\u201d [Of Ghosts and Other Spectrums in Maria Elena Llana\u2019s Short Stories or When Memory does not Give-up]. <\/span><i><span data-contrast=\"none\">Descifrando Latinoam\u00e9rica: G\u00e9nero, violencia y testimonio. <\/span><\/i><span data-contrast=\"none\">Edited by Margarita Peraza-Rugeley and Susana Perea-Fox,<\/span> <span data-contrast=\"none\">Universidad Aut\u00f3noma del Estado de Morelos, M\u00e9xico, 2018. 135-160. <\/span><span data-contrast=\"none\">978-607-8639-00-7<\/span><span data-contrast=\"none\"> Print. <\/span><span data-contrast=\"none\">978-607-8519-99-6 Digital.\u00a0<\/span><span data-ccp-props=\"{&quot;201341983&quot;:0,&quot;335559739&quot;:120,&quot;335559740&quot;:240}\">\u00a0<\/span><\/p>\n<p><span data-contrast=\"auto\">\u201cCruzar fronteras: tres cuentos de la escritora cubana Mar\u00eda Elena Llana\u201d. [Crossing Borders: Three Short Stories by the Cuban Writer Maria Elena Llana\u201d] <\/span><i><span data-contrast=\"auto\">Escrituras locales en contextos globales: Literaturas, lecturas y sujetos en tr\u00e1nsito. <\/span><\/i><span data-contrast=\"auto\">Edited by Claudia Hammerschmidt. Germany: INOLAS Publishers LTD, 2018.<\/span> <span data-contrast=\"auto\">141-156. Print.\u00a0<\/span><span data-ccp-props=\"{&quot;201341983&quot;:0,&quot;335559739&quot;:120,&quot;335559740&quot;:240}\"> <i>EBSCOhost<\/i>, https:\/\/search.ebscohost.com\/login.aspx?direct=true&amp;AuthType=ip,shib&amp;db=mzh&amp;AN=2019402187&amp;site=eds-live&amp;scope=site\u00a0\u00a0<\/span><\/p>\n<p><!--more--><\/p>\n<hr \/>\n<p>\u00a0<\/p>\n<h3>\u00a0<\/h3>\n\n\n<!--more-->\n\n\n\n<p><strong>\u201c<\/strong>La imagen de la <em>Malinche<\/em> en tres textos coloniales\u201d. [The Image of <em>Malinche <\/em>&nbsp;in Three Colonial Texts].&nbsp; <em>Insomne Pasado. Lecturas cr\u00edticas de Latinoam\u00e9rica colonial. <\/em>Edited by Claudia Garc\u00eda, Karina E. V\u00e1zquez y Grazyna Walczak. Guatemala, Centroam\u00e9rica: F&amp;G Editores, 2016. 109- 134.<\/p>\n\n\n\n<p>\u201cChronotopic Juxtaposition in the Short Story <em>A\u00f1ejo cinco siglos <\/em>by the Cuban Writer Mar\u00eda Elena Llana\u201d. <em>En<\/em><em>cuentros. <\/em>Universidad Aut\u00f3noma del Caribe, Colombia.&nbsp; (2) 2013: 55-66. <em>EBESCOhost. <\/em>Web. 14 Aug. 2016.<\/p>\n\n\n\n<p>\u201cEn la globalizaci\u00f3n: escenarios y detectives.\u201d [In the Times of Globalization: Scenarios and Detectives] <em>El g\u00e9nero negro: De la marginalidad a la normalizaci\u00f3n.<\/em> [The Hard-Boiled: From Marginality to Normalization]. Edited by Alex Mart\u00edn Escriba, and Javier S\u00e1nchez Zapatero. Andavira, Santiago de Compostela, Espa\u00f1a: 2015. 311-319.<\/p>\n\n\n\n<p>\u201cThe Mestiza Path: Toward a Global Competence\u201d. <em>Latino Voices in Multicultural Education: From Invisibility to Visibility in Higher Education. <\/em>&nbsp;Edited by James Martinez and Festus E. Obiakor. Nova Science Publishers: New York, 2015. 101-110.<\/p>\n\n\n\n<p>\u201cEscritoras cubanas en los tiempos del di\u00e1logo.\u201d [Women writers in the times of Dialogue]. <em>El viejo y el Nuevo mundo en la era del di\u00e1logo.<\/em> [The Old and the New World in the Times of Dialogue]. Edited by \u00d6znur, Se\u00e7kin. Centro de Estudios Latinoamericanos, Ankara University, Turkey: Vol. II (8) 2014. 859-866. Print.&nbsp;<\/p>\n\n\n\n<p>\u201cEl personaje de <em>Blanca Olmedo <\/em>(1903), cuando escribir \u201cera oficio de hombres\u201d. [The Female Character in the Honduran Novel <em>Blanca Olmedo <\/em>(1903), When Writing \u201cWas Only a Men\u2019s Task\u2019\u201d]. <a href=\"http:\/\/brujula.ucdavis.edu\/volume-9-preliminary-information\/\"><em>Br\u00fajula<\/em><\/a>. Davis UC: Vol. 9. Spring 2012. 125-138.<\/p>\n\n\n\n<p>\u201cSin ruido, \u2018abriendo camino\u2019 hacia las urnas electorales en <em>Arr\u00e1ncame la <\/em>vida de \u00c1ngeles Mastretta.\u201d. [Quietly. Opening Paths to the Elections in <em>Arr\u00e1ncame la vida<\/em> by the Mexican Writer \u00c1ngeles Mastretta]. <em>Olhar<\/em>. Centro de Educa\u00e7\u00e3o e Ci\u00eancias Humanas (CECH) \/ UFSCar, Brazil,&nbsp; XII (22) 2010. 131-141. Print.&nbsp;<\/p>\n\n\n\n<p>\u201cLa sexualidad\u202fcomo\u202facto\u202fpol\u00edtico\u202fen\u202flos\u202fcuentos\u202fde\u202fJacinta\u202fEscudos\u201d.\u202f[Sexuality as a Political Act in the Salvadoran Jacinta Escudos\u2019 short stories] <a href=\"http:\/\/collaborations.denison.edu\/istmo\/\"><em>Istmo<\/em><\/a><em>.<\/em> (19) July-December 2009.1-19.&nbsp; ISSN 1535-2315.&nbsp;&nbsp;<\/p>\n\n\n\n<p>\u201cNo soy feminista, pero\u2026 Negociar ideolog\u00edas feministas en el testimonio de Mar\u00eda Teresa Tula\u201d. [I Am Not Feminist, but\u2026 Negotiating Ideologies in the Salvadoran Mar\u00eda Teresa Tula\u2019s Testimonies] <a href=\"http:\/\/www.ingentaconnect.com\/content\/bpl\/tla\/2008\/00000052\/00000001\/art00001\"><em>The Latin Americanist<\/em><\/a>. Blackwell Publishing, (52) 2008. 1-14<\/p>\n","protected":false},"excerpt":{"rendered":"<p>Research | Investigaci\u00f3n Research is the path to finding answers and asking questions to complex problems. It is a work-in-progress. Her research interest conveys how women gain awareness of their personal circumstances and experiences. She has published articles and book chapters as follows: MANUSCRIPT M\u00e1s all\u00e1 de las fronteras narrativas: escritoras cubanas y su desterritorializaci\u00f3n. [&hellip;]<\/p>\n","protected":false},"author":376,"featured_media":0,"parent":0,"menu_order":3,"comment_status":"closed","ping_status":"closed","template":"","meta":{"footnotes":""},"class_list":["post-132","page","type-page","status-publish","hentry"],"acf":[],"_links":{"self":[{"href":"https:\/\/blog.valdosta.edu\/ehparra\/wp-json\/wp\/v2\/pages\/132","targetHints":{"allow":["GET"]}}],"collection":[{"href":"https:\/\/blog.valdosta.edu\/ehparra\/wp-json\/wp\/v2\/pages"}],"about":[{"href":"https:\/\/blog.valdosta.edu\/ehparra\/wp-json\/wp\/v2\/types\/page"}],"author":[{"embeddable":true,"href":"https:\/\/blog.valdosta.edu\/ehparra\/wp-json\/wp\/v2\/users\/376"}],"replies":[{"embeddable":true,"href":"https:\/\/blog.valdosta.edu\/ehparra\/wp-json\/wp\/v2\/comments?post=132"}],"version-history":[{"count":13,"href":"https:\/\/blog.valdosta.edu\/ehparra\/wp-json\/wp\/v2\/pages\/132\/revisions"}],"predecessor-version":[{"id":356,"href":"https:\/\/blog.valdosta.edu\/ehparra\/wp-json\/wp\/v2\/pages\/132\/revisions\/356"}],"wp:attachment":[{"href":"https:\/\/blog.valdosta.edu\/ehparra\/wp-json\/wp\/v2\/media?parent=132"}],"curies":[{"name":"wp","href":"https:\/\/api.w.org\/{rel}","templated":true}]}}