
{"id":2,"date":"2018-04-14T14:21:12","date_gmt":"2018-04-14T14:21:12","guid":{"rendered":"http:\/\/blog.valdosta.edu\/ehparra\/?page_id=2"},"modified":"2022-06-16T16:23:54","modified_gmt":"2022-06-16T16:23:54","slug":"sample-page","status":"publish","type":"page","link":"https:\/\/blog.valdosta.edu\/ehparra\/sample-page\/","title":{"rendered":"Meet your Instructor"},"content":{"rendered":"<blockquote>\n<p><img loading=\"lazy\" decoding=\"async\" class=\"alignleft wp-image-74 size-thumbnail\" src=\"http:\/\/blog.valdosta.edu\/ehparra\/wp-content\/uploads\/sites\/94\/2017\/04\/thumbnail_IMG_5313-150x150.jpg\" alt=\"\" width=\"150\" height=\"150\"><\/p>\n<p style=\"text-align: center\">\n<\/p><\/blockquote>\n<p style=\"text-align: left\">(Cuba, 2017)<\/p>\n<p>Dr. Ericka Parra&#8217;s pronouns are <em>(<a title=\"https:\/\/www.mypronouns.org\/\" href=\"https:\/\/www.mypronouns.org\/\">she, her\/<\/a>ella)<\/em><\/p>\n<p><\/p>\n<p>Fall 2022 CELT Facilitator: <a href=\"https:\/\/www.valdosta.edu\/celt\/faculty-learning-communities.php\">&#8220;<span class=\"NormalTextRun SCXW164087152 BCX0\">Inclusive&nbsp;<\/span><span class=\"NormalTextRun SCXW164087152 BCX0\">Learning <\/span><span class=\"NormalTextRun SCXW164087152 BCX0\">t<\/span><span class=\"NormalTextRun SCXW164087152 BCX0\">hat<\/span><span class=\"NormalTextRun SCXW164087152 BCX0\">&nbsp;<\/span><span class=\"NormalTextRun SCXW164087152 BCX0\">Matters&#8221;<\/span><\/a><\/p>\n<p>GA Governor\u2019s Teaching Fellow <a href=\"https:\/\/ihe.uga.edu\/immediate-past-fellows\">(Summer Symposium, 2021)&nbsp;<\/a><\/p>\n<p style=\"text-align: center\"><!--more--><\/p>\n<p style=\"text-align: left\">Dr. Parra will be your instructor for this semester. She found her passion in teaching Spanish as a foreign language in two important moments. First, when she embarked on a journey to Chiapas, Mexico. After experiencing the conflict on the border, she realized that the learning and teaching of languages would be a way to communicate better among cultures. Then, when she taught Spanish in Taxco, Mexico, where many people from different cultures configurate a diverse class. This way diversity will be a reality.<\/p>\n<p style=\"text-align: left\">She grew up in Mexico City.&nbsp;She graduated from Universidad Nacional Aut\u00f3noma de M\u00e9xico (UNAM), where she finished her undergraduate and a Masters in Latin American Studies. Then, she moved to Normal, Illinois, where she obtained her Masters. Today, she holds a PhD from the University of Florida in Gainesville, Florida.<\/p>\n<p style=\"text-align: left\">She has organized and led Study Abroad Programs to various countries in Latin America. Those Latin American countries included Mexico, Argentina, and the 2017 summer she led the first Study Abroad to Cuba. As a graduate student, she led the Study Abroad to Santander, Spain.<\/p>\n<p>Dr. Parra is a Professor of Spanish and Latin American Literatures at Valdosta State University. She is the author of book chapters and academic articles on Latin-American women writers, published in <em>Encuentros<\/em>, <em>Istmo<\/em>, <em>Br\u00fajula<\/em>, <em>Olhar<\/em> and <em>The Latin Americanist<\/em>. Her current book manuscript is <em>M\u00e1s all\u00e1 de las fronteras narrativas: escritoras cubanas y su desterritorializaci\u00f3n<\/em>\/<em>Beyond the Narrative Frontiers: Cuban Writers and their deterritorialization<\/em>&nbsp;discusses the topic of crossing borders in testimonies, historical, fantastic, and detective narratives by three women writers.<\/p>\n\n\n<figure class=\"wp-block-pullquote\"><blockquote><p><em>Treasured memories become the wellspring for creating the foundation for happiness.<\/em><\/p><p><\/p><cite><a href=\"http:\/\/www.sgi-usa.org\/\"><em>Daisaku Ikeda<\/em><\/a><\/cite><\/blockquote><\/figure>\n","protected":false},"excerpt":{"rendered":"<p>(Cuba, 2017) Dr. Ericka Parra&#8217;s pronouns are (she, her\/ella) Fall 2022 CELT Facilitator: &#8220;Inclusive&nbsp;Learning that&nbsp;Matters&#8221; GA Governor\u2019s Teaching Fellow (Summer Symposium, 2021)&nbsp;<\/p>\n","protected":false},"author":376,"featured_media":0,"parent":0,"menu_order":1,"comment_status":"closed","ping_status":"closed","template":"","meta":{"footnotes":""},"class_list":["post-2","page","type-page","status-publish","hentry"],"acf":[],"_links":{"self":[{"href":"https:\/\/blog.valdosta.edu\/ehparra\/wp-json\/wp\/v2\/pages\/2","targetHints":{"allow":["GET"]}}],"collection":[{"href":"https:\/\/blog.valdosta.edu\/ehparra\/wp-json\/wp\/v2\/pages"}],"about":[{"href":"https:\/\/blog.valdosta.edu\/ehparra\/wp-json\/wp\/v2\/types\/page"}],"author":[{"embeddable":true,"href":"https:\/\/blog.valdosta.edu\/ehparra\/wp-json\/wp\/v2\/users\/376"}],"replies":[{"embeddable":true,"href":"https:\/\/blog.valdosta.edu\/ehparra\/wp-json\/wp\/v2\/comments?post=2"}],"version-history":[{"count":22,"href":"https:\/\/blog.valdosta.edu\/ehparra\/wp-json\/wp\/v2\/pages\/2\/revisions"}],"predecessor-version":[{"id":347,"href":"https:\/\/blog.valdosta.edu\/ehparra\/wp-json\/wp\/v2\/pages\/2\/revisions\/347"}],"wp:attachment":[{"href":"https:\/\/blog.valdosta.edu\/ehparra\/wp-json\/wp\/v2\/media?parent=2"}],"curies":[{"name":"wp","href":"https:\/\/api.w.org\/{rel}","templated":true}]}}