{"id":57,"date":"2021-06-24T03:01:13","date_gmt":"2021-06-24T03:01:13","guid":{"rendered":"https:\/\/blog.valdosta.edu\/vsu-cbms-conference\/?page_id=57"},"modified":"2022-08-05T14:42:47","modified_gmt":"2022-08-05T14:42:47","slug":"participants","status":"publish","type":"page","link":"https:\/\/blog.valdosta.edu\/vsu-cbms-conference\/participants\/","title":{"rendered":"Registered Participants"},"content":{"rendered":"\n<figure class=\"wp-block-table is-style-regular\"><table><tbody><tr><td class=\"has-text-align-center\" data-align=\"center\"><strong><mark class=\"has-inline-color has-black-color\">Name<\/mark><\/strong><\/td><td class=\"has-text-align-center\" data-align=\"center\"><mark class=\"has-inline-color has-black-color\"><strong>Surname<\/strong><\/mark><\/td><td class=\"has-text-align-center\" data-align=\"center\"><strong><mark class=\"has-inline-color has-black-color\">Institution<\/mark><\/strong><\/td><td class=\"has-text-align-center\" data-align=\"center\"><strong><mark class=\"has-inline-color has-black-color\">City<\/mark><\/strong><\/td><td class=\"has-text-align-center\" data-align=\"center\"><strong><mark class=\"has-inline-color has-black-color\">Region\/State<\/mark><\/strong><\/td><td class=\"has-text-align-center\" data-align=\"center\"><strong><mark class=\"has-inline-color has-black-color\">Country<\/mark><\/strong><\/td><\/tr><tr><td class=\"has-text-align-center\" data-align=\"center\">Elie<\/td><td class=\"has-text-align-center\" data-align=\"center\">Alhajjar<\/td><td class=\"has-text-align-center\" data-align=\"center\">USMA<\/td><td class=\"has-text-align-center\" data-align=\"center\">Ft. Montgomery<\/td><td class=\"has-text-align-center\" data-align=\"center\">New York<\/td><td class=\"has-text-align-center\" data-align=\"center\">USA<\/td><\/tr><tr><td class=\"has-text-align-center\" data-align=\"center\">Danish<\/td><td class=\"has-text-align-center\" data-align=\"center\">Ali<\/td><td class=\"has-text-align-center\" data-align=\"center\">Institute of Business Administration, Karachi, Pakistan<\/td><td class=\"has-text-align-center\" data-align=\"center\">Karachi<\/td><td class=\"has-text-align-center\" data-align=\"center\">Sindh<\/td><td class=\"has-text-align-center\" data-align=\"center\">Pakistan<\/td><\/tr><tr><td class=\"has-text-align-center\" data-align=\"center\">Niny<\/td><td class=\"has-text-align-center\" data-align=\"center\">Arcila-Maya<\/td><td class=\"has-text-align-center\" data-align=\"center\">Duke University<\/td><td class=\"has-text-align-center\" data-align=\"center\">Durham<\/td><td class=\"has-text-align-center\" data-align=\"center\">North Carolina<\/td><td class=\"has-text-align-center\" data-align=\"center\">USA<\/td><\/tr><tr><td class=\"has-text-align-center\" data-align=\"center\">Elise<\/td><td class=\"has-text-align-center\" data-align=\"center\">Askelsen<\/td><td class=\"has-text-align-center\" data-align=\"center\">The University of Iowa<\/td><td class=\"has-text-align-center\" data-align=\"center\">Iowa City<\/td><td class=\"has-text-align-center\" data-align=\"center\">Iowa<\/td><td class=\"has-text-align-center\" data-align=\"center\">USA<\/td><\/tr><tr><td class=\"has-text-align-center\" data-align=\"center\">Shaun<\/td><td class=\"has-text-align-center\" data-align=\"center\">Ault<\/td><td class=\"has-text-align-center\" data-align=\"center\">Valdosta State University<\/td><td class=\"has-text-align-center\" data-align=\"center\">Valdosta<\/td><td class=\"has-text-align-center\" data-align=\"center\">Georgia<\/td><td class=\"has-text-align-center\" data-align=\"center\">USA<\/td><\/tr><tr><td class=\"has-text-align-center\" data-align=\"center\">Brad<\/td><td class=\"has-text-align-center\" data-align=\"center\">Bailey<\/td><td class=\"has-text-align-center\" data-align=\"center\">University of North Georgia<\/td><td class=\"has-text-align-center\" data-align=\"center\">Dahlonega<\/td><td class=\"has-text-align-center\" data-align=\"center\">Georgia<\/td><td class=\"has-text-align-center\" data-align=\"center\">USA<\/td><\/tr><tr><td class=\"has-text-align-center\" data-align=\"center\">Johnathan<\/td><td class=\"has-text-align-center\" data-align=\"center\">Bush<\/td><td class=\"has-text-align-center\" data-align=\"center\">University of Florida<\/td><td class=\"has-text-align-center\" data-align=\"center\">Gainesville<\/td><td class=\"has-text-align-center\" data-align=\"center\">Florida<\/td><td class=\"has-text-align-center\" data-align=\"center\">USA<\/td><\/tr><tr><td class=\"has-text-align-center\" data-align=\"center\">Margarita<\/td><td class=\"has-text-align-center\" data-align=\"center\">Bustos Gonzalez<\/td><td class=\"has-text-align-center\" data-align=\"center\">University of Iowa<\/td><td class=\"has-text-align-center\" data-align=\"center\">Iowa City<\/td><td class=\"has-text-align-center\" data-align=\"center\">Iowa<\/td><td class=\"has-text-align-center\" data-align=\"center\">USA<\/td><\/tr><tr><td class=\"has-text-align-center\" data-align=\"center\">Javier<\/td><td class=\"has-text-align-center\" data-align=\"center\">Casado<\/td><td class=\"has-text-align-center\" data-align=\"center\">Universidad Aut\u00f3noma de Madrid<\/td><td class=\"has-text-align-center\" data-align=\"center\">Madrid<\/td><td class=\"has-text-align-center\" data-align=\"center\">Madrid<\/td><td class=\"has-text-align-center\" data-align=\"center\">Spain<\/td><\/tr><tr><td class=\"has-text-align-center\" data-align=\"center\">Younggi<\/td><td class=\"has-text-align-center\" data-align=\"center\">Choi<\/td><td class=\"has-text-align-center\" data-align=\"center\">Seoul National University<\/td><td class=\"has-text-align-center\" data-align=\"center\">Seoul<\/td><td class=\"has-text-align-center\" data-align=\"center\">Seoul<\/td><td class=\"has-text-align-center\" data-align=\"center\">Korea<\/td><\/tr><tr><td class=\"has-text-align-center\" data-align=\"center\">Ilir<\/td><td class=\"has-text-align-center\" data-align=\"center\">Dema<\/td><td class=\"has-text-align-center\" data-align=\"center\">University of Toronto<\/td><td class=\"has-text-align-center\" data-align=\"center\">Toronto<\/td><td class=\"has-text-align-center\" data-align=\"center\">Ontario<\/td><td class=\"has-text-align-center\" data-align=\"center\">Canada<\/td><\/tr><tr><td class=\"has-text-align-center\" data-align=\"center\">Yariana<\/td><td class=\"has-text-align-center\" data-align=\"center\">Diaz<\/td><td class=\"has-text-align-center\" data-align=\"center\">University of Iowa<\/td><td class=\"has-text-align-center\" data-align=\"center\">Iowa City<\/td><td class=\"has-text-align-center\" data-align=\"center\">Iowa<\/td><td class=\"has-text-align-center\" data-align=\"center\">USA<\/td><\/tr><tr><td class=\"has-text-align-center\" data-align=\"center\">Ranthony<\/td><td class=\"has-text-align-center\" data-align=\"center\">Edmonds<\/td><td class=\"has-text-align-center\" data-align=\"center\">The Ohio State University<\/td><td class=\"has-text-align-center\" data-align=\"center\">Columbus<\/td><td class=\"has-text-align-center\" data-align=\"center\">Ohio<\/td><td class=\"has-text-align-center\" data-align=\"center\">USA<\/td><\/tr><tr><td class=\"has-text-align-center\" data-align=\"center\">Halley<\/td><td class=\"has-text-align-center\" data-align=\"center\">Fritze<\/td><td class=\"has-text-align-center\" data-align=\"center\">University of Oregon<\/td><td class=\"has-text-align-center\" data-align=\"center\">Eugene<\/td><td class=\"has-text-align-center\" data-align=\"center\">Oregon<\/td><td class=\"has-text-align-center\" data-align=\"center\">USA<\/td><\/tr><tr><td class=\"has-text-align-center\" data-align=\"center\">Ismail<\/td><td class=\"has-text-align-center\" data-align=\"center\">G\u00fczel<\/td><td class=\"has-text-align-center\" data-align=\"center\">Michigan State University<\/td><td class=\"has-text-align-center\" data-align=\"center\">Lansing<\/td><td class=\"has-text-align-center\" data-align=\"center\">Michigan<\/td><td class=\"has-text-align-center\" data-align=\"center\">USA<\/td><\/tr><tr><td class=\"has-text-align-center\" data-align=\"center\">Xiangxi<\/td><td class=\"has-text-align-center\" data-align=\"center\">Gao<\/td><td class=\"has-text-align-center\" data-align=\"center\">Emory University<\/td><td class=\"has-text-align-center\" data-align=\"center\">Atlanta<\/td><td class=\"has-text-align-center\" data-align=\"center\">Georgia<\/td><td class=\"has-text-align-center\" data-align=\"center\">USA<\/td><\/tr><tr><td class=\"has-text-align-center\" data-align=\"center\">Susan<\/td><td class=\"has-text-align-center\" data-align=\"center\">Glenn<\/td><td class=\"has-text-align-center\" data-align=\"center\">University of Wisconsin<\/td><td class=\"has-text-align-center\" data-align=\"center\">Madison<\/td><td class=\"has-text-align-center\" data-align=\"center\">Wisconsin<\/td><td class=\"has-text-align-center\" data-align=\"center\">USA<\/td><\/tr><tr><td class=\"has-text-align-center\" data-align=\"center\">R.U.<\/td><td class=\"has-text-align-center\" data-align=\"center\">Gobithaasan<\/td><td class=\"has-text-align-center\" data-align=\"center\">University Malaysia Terengganu<\/td><td class=\"has-text-align-center\" data-align=\"center\">Kuala Nnerus<\/td><td class=\"has-text-align-center\" data-align=\"center\">Terengganu<\/td><td class=\"has-text-align-center\" data-align=\"center\">Malaysia<\/td><\/tr><tr><td class=\"has-text-align-center\" data-align=\"center\">Iryna<\/td><td class=\"has-text-align-center\" data-align=\"center\">Hartsock<\/td><td class=\"has-text-align-center\" data-align=\"center\">University of Florida<\/td><td class=\"has-text-align-center\" data-align=\"center\">Gainesville<\/td><td class=\"has-text-align-center\" data-align=\"center\">Florida<\/td><td class=\"has-text-align-center\" data-align=\"center\">USA<\/td><\/tr><tr><td class=\"has-text-align-center\" data-align=\"center\">Matthias<\/td><td class=\"has-text-align-center\" data-align=\"center\">Himmelmann<\/td><td class=\"has-text-align-center\" data-align=\"center\">University of Potsdam<\/td><td class=\"has-text-align-center\" data-align=\"center\">Potsdam<\/td><td class=\"has-text-align-center\" data-align=\"center\">Brandenburg<\/td><td class=\"has-text-align-center\" data-align=\"center\">Germany<\/td><\/tr><tr><td class=\"has-text-align-center\" data-align=\"center\">Tao<\/td><td class=\"has-text-align-center\" data-align=\"center\">Hou<\/td><td class=\"has-text-align-center\" data-align=\"center\">Purdue University<\/td><td class=\"has-text-align-center\" data-align=\"center\">West Lafayette<\/td><td class=\"has-text-align-center\" data-align=\"center\">Indiana<\/td><td class=\"has-text-align-center\" data-align=\"center\">USA<\/td><\/tr><tr><td class=\"has-text-align-center\" data-align=\"center\">Jici<\/td><td class=\"has-text-align-center\" data-align=\"center\">Huang<\/td><td class=\"has-text-align-center\" data-align=\"center\">DeSales University<\/td><td class=\"has-text-align-center\" data-align=\"center\">Center Valley<\/td><td class=\"has-text-align-center\" data-align=\"center\">Pennsylvania<\/td><td class=\"has-text-align-center\" data-align=\"center\">USA<\/td><\/tr><tr><td class=\"has-text-align-center\" data-align=\"center\">Michael<\/td><td class=\"has-text-align-center\" data-align=\"center\">Jackson<\/td><td class=\"has-text-align-center\" data-align=\"center\">Grove City College<\/td><td class=\"has-text-align-center\" data-align=\"center\">Grove City<\/td><td class=\"has-text-align-center\" data-align=\"center\">Pennsylvania<\/td><td class=\"has-text-align-center\" data-align=\"center\">USA<\/td><\/tr><tr><td class=\"has-text-align-center\" data-align=\"center\">Susannah<\/td><td class=\"has-text-align-center\" data-align=\"center\">Jackson<\/td><td class=\"has-text-align-center\" data-align=\"center\">Grove City College<\/td><td class=\"has-text-align-center\" data-align=\"center\">Grove City<\/td><td class=\"has-text-align-center\" data-align=\"center\">Pennsylvania<\/td><td class=\"has-text-align-center\" data-align=\"center\">USA<\/td><\/tr><tr><td class=\"has-text-align-center\" data-align=\"center\">Benjamin<\/td><td class=\"has-text-align-center\" data-align=\"center\">Jones<\/td><td class=\"has-text-align-center\" data-align=\"center\">Michigan State University<\/td><td class=\"has-text-align-center\" data-align=\"center\">East Lansing<\/td><td class=\"has-text-align-center\" data-align=\"center\">Michigan<\/td><td class=\"has-text-align-center\" data-align=\"center\">USA<\/td><\/tr><tr><td class=\"has-text-align-center\" data-align=\"center\">Nathan<\/td><td class=\"has-text-align-center\" data-align=\"center\">Jones<\/td><td class=\"has-text-align-center\" data-align=\"center\">University of Oklahoma<\/td><td class=\"has-text-align-center\" data-align=\"center\">Norman<\/td><td class=\"has-text-align-center\" data-align=\"center\">Oklahoma<\/td><td class=\"has-text-align-center\" data-align=\"center\">USA<\/td><\/tr><tr><td class=\"has-text-align-center\" data-align=\"center\">Arulmani<\/td><td class=\"has-text-align-center\" data-align=\"center\">K<\/td><td class=\"has-text-align-center\" data-align=\"center\">Bharathiar University<\/td><td class=\"has-text-align-center\" data-align=\"center\">Erode<\/td><td class=\"has-text-align-center\" data-align=\"center\">Tamilnadu<\/td><td class=\"has-text-align-center\" data-align=\"center\">India<\/td><\/tr><tr><td class=\"has-text-align-center\" data-align=\"center\">William<\/td><td class=\"has-text-align-center\" data-align=\"center\">Keely<\/td><td class=\"has-text-align-center\" data-align=\"center\">University of Oklahoma<\/td><td class=\"has-text-align-center\" data-align=\"center\">Norman<\/td><td class=\"has-text-align-center\" data-align=\"center\">Oklahoma<\/td><td class=\"has-text-align-center\" data-align=\"center\">USA<\/td><\/tr><tr><td class=\"has-text-align-center\" data-align=\"center\">P\u00e9guy<\/td><td class=\"has-text-align-center\" data-align=\"center\">KEM-MEKA TIOTSOP KADZUE<\/td><td class=\"has-text-align-center\" data-align=\"center\">University of Ngaoundere<\/td><td class=\"has-text-align-center\" data-align=\"center\">Ngaoundere<\/td><td class=\"has-text-align-center\" data-align=\"center\">Adamawa<\/td><td class=\"has-text-align-center\" data-align=\"center\">Cameroon<\/td><\/tr><tr><td class=\"has-text-align-center\" data-align=\"center\">Charles<\/td><td class=\"has-text-align-center\" data-align=\"center\">Kicey<\/td><td class=\"has-text-align-center\" data-align=\"center\">Valdosta State University<\/td><td class=\"has-text-align-center\" data-align=\"center\">Valdosta<\/td><td class=\"has-text-align-center\" data-align=\"center\">Georgia<\/td><td class=\"has-text-align-center\" data-align=\"center\">USA<\/td><\/tr><tr><td class=\"has-text-align-center\" data-align=\"center\">MINH<\/td><td class=\"has-text-align-center\" data-align=\"center\">LE<\/td><td class=\"has-text-align-center\" data-align=\"center\">SUNY Buffalo<\/td><td class=\"has-text-align-center\" data-align=\"center\">Buffalo<\/td><td class=\"has-text-align-center\" data-align=\"center\">New York<\/td><td class=\"has-text-align-center\" data-align=\"center\">USA<\/td><\/tr><tr><td class=\"has-text-align-center\" data-align=\"center\">Jan-Paul<\/td><td class=\"has-text-align-center\" data-align=\"center\">Lerch<\/td><td class=\"has-text-align-center\" data-align=\"center\">Bielefeld University<\/td><td class=\"has-text-align-center\" data-align=\"center\">Bielefeld<\/td><td class=\"has-text-align-center\" data-align=\"center\">NRW<\/td><td class=\"has-text-align-center\" data-align=\"center\">Germany<\/td><\/tr><tr><td class=\"has-text-align-center\" data-align=\"center\">Wenwen<\/td><td class=\"has-text-align-center\" data-align=\"center\">Li<\/td><td class=\"has-text-align-center\" data-align=\"center\">University of Oklahoma<\/td><td class=\"has-text-align-center\" data-align=\"center\">Norman<\/td><td class=\"has-text-align-center\" data-align=\"center\">Oklahoma<\/td><td class=\"has-text-align-center\" data-align=\"center\">USA<\/td><\/tr><tr><td class=\"has-text-align-center\" data-align=\"center\">Zelong<\/td><td class=\"has-text-align-center\" data-align=\"center\">Li<\/td><td class=\"has-text-align-center\" data-align=\"center\">Penn State University<\/td><td class=\"has-text-align-center\" data-align=\"center\">State College<\/td><td class=\"has-text-align-center\" data-align=\"center\">Pennsylvania<\/td><td class=\"has-text-align-center\" data-align=\"center\">USA<\/td><\/tr><tr><td class=\"has-text-align-center\" data-align=\"center\">Manuel<\/td><td class=\"has-text-align-center\" data-align=\"center\">Mellado Cuerno<\/td><td class=\"has-text-align-center\" data-align=\"center\">Universidad Aut\u00f3noma de Madrid<\/td><td class=\"has-text-align-center\" data-align=\"center\">Madrid<\/td><td class=\"has-text-align-center\" data-align=\"center\">Madrid<\/td><td class=\"has-text-align-center\" data-align=\"center\">Spain<\/td><\/tr><tr><td class=\"has-text-align-center\" data-align=\"center\">Peggy<\/td><td class=\"has-text-align-center\" data-align=\"center\">Moch<\/td><td class=\"has-text-align-center\" data-align=\"center\">Valdosta State University<\/td><td class=\"has-text-align-center\" data-align=\"center\">Valdosta<\/td><td class=\"has-text-align-center\" data-align=\"center\">Georgia<\/td><td class=\"has-text-align-center\" data-align=\"center\">USA<\/td><\/tr><tr><td class=\"has-text-align-center\" data-align=\"center\">Kristina<\/td><td class=\"has-text-align-center\" data-align=\"center\">Moen<\/td><td class=\"has-text-align-center\" data-align=\"center\">Colorado State University<\/td><td class=\"has-text-align-center\" data-align=\"center\">Fort Collins<\/td><td class=\"has-text-align-center\" data-align=\"center\">Colorado<\/td><td class=\"has-text-align-center\" data-align=\"center\">USA<\/td><\/tr><tr><td class=\"has-text-align-center\" data-align=\"center\">ARNAUD<\/td><td class=\"has-text-align-center\" data-align=\"center\">NGOPNANG NGOMPE<\/td><td class=\"has-text-align-center\" data-align=\"center\">University of Regina<\/td><td class=\"has-text-align-center\" data-align=\"center\">REGINA<\/td><td class=\"has-text-align-center\" data-align=\"center\">SASKATCHEWAN<\/td><td class=\"has-text-align-center\" data-align=\"center\">Canada<\/td><\/tr><tr><td class=\"has-text-align-center\" data-align=\"center\">DAVID E<\/td><td class=\"has-text-align-center\" data-align=\"center\">PAZMINO P<\/td><td class=\"has-text-align-center\" data-align=\"center\">Universit\u00e9 du Qu\u00e9bec a Montr\u00e9al<\/td><td class=\"has-text-align-center\" data-align=\"center\">Montr\u00e9al<\/td><td class=\"has-text-align-center\" data-align=\"center\">Qu\u00e9bec<\/td><td class=\"has-text-align-center\" data-align=\"center\">Canada<\/td><\/tr><tr><td class=\"has-text-align-center\" data-align=\"center\">Shrunal<\/td><td class=\"has-text-align-center\" data-align=\"center\">Pothagoni<\/td><td class=\"has-text-align-center\" data-align=\"center\">George Mason University<\/td><td class=\"has-text-align-center\" data-align=\"center\">Fairfax<\/td><td class=\"has-text-align-center\" data-align=\"center\">Virginia<\/td><td class=\"has-text-align-center\" data-align=\"center\">USA<\/td><\/tr><tr><td class=\"has-text-align-center\" data-align=\"center\">Connor<\/td><td class=\"has-text-align-center\" data-align=\"center\">Progin<\/td><td class=\"has-text-align-center\" data-align=\"center\">University of Portland<\/td><td class=\"has-text-align-center\" data-align=\"center\">Portland<\/td><td class=\"has-text-align-center\" data-align=\"center\">Oregon<\/td><td class=\"has-text-align-center\" data-align=\"center\">USA<\/td><\/tr><tr><td class=\"has-text-align-center\" data-align=\"center\">Vira<\/td><td class=\"has-text-align-center\" data-align=\"center\">Raichenko<\/td><td class=\"has-text-align-center\" data-align=\"center\">TU Berlin\/University of Potsdam<\/td><td class=\"has-text-align-center\" data-align=\"center\">Berlin<\/td><td class=\"has-text-align-center\" data-align=\"center\">Berlin<\/td><td class=\"has-text-align-center\" data-align=\"center\">Germany<\/td><\/tr><tr><td class=\"has-text-align-center\" data-align=\"center\">Tatum<\/td><td class=\"has-text-align-center\" data-align=\"center\">Rask<\/td><td class=\"has-text-align-center\" data-align=\"center\">Colorado State University<\/td><td class=\"has-text-align-center\" data-align=\"center\">Fort Collins<\/td><td class=\"has-text-align-center\" data-align=\"center\">Colorado<\/td><td class=\"has-text-align-center\" data-align=\"center\">USA<\/td><\/tr><tr><td class=\"has-text-align-center\" data-align=\"center\">Callie<\/td><td class=\"has-text-align-center\" data-align=\"center\">Reid<\/td><td class=\"has-text-align-center\" data-align=\"center\">Valdosta State University<\/td><td class=\"has-text-align-center\" data-align=\"center\">Valdosta<\/td><td class=\"has-text-align-center\" data-align=\"center\">Georgia<\/td><td class=\"has-text-align-center\" data-align=\"center\">USA<\/td><\/tr><tr><td class=\"has-text-align-center\" data-align=\"center\">Zhisheng<\/td><td class=\"has-text-align-center\" data-align=\"center\">Shuai<\/td><td class=\"has-text-align-center\" data-align=\"center\">University of Central Florida<\/td><td class=\"has-text-align-center\" data-align=\"center\">Orlando<\/td><td class=\"has-text-align-center\" data-align=\"center\">Florida<\/td><td class=\"has-text-align-center\" data-align=\"center\">USA<\/td><\/tr><tr><td class=\"has-text-align-center\" data-align=\"center\">Yara<\/td><td class=\"has-text-align-center\" data-align=\"center\">Skaf<\/td><td class=\"has-text-align-center\" data-align=\"center\">University of Florida<\/td><td class=\"has-text-align-center\" data-align=\"center\">Gainesville<\/td><td class=\"has-text-align-center\" data-align=\"center\">Florida<\/td><td class=\"has-text-align-center\" data-align=\"center\">US<\/td><\/tr><tr><td class=\"has-text-align-center\" data-align=\"center\">Ye<\/td><td class=\"has-text-align-center\" data-align=\"center\">Tian<\/td><td class=\"has-text-align-center\" data-align=\"center\">University of Georgia<\/td><td class=\"has-text-align-center\" data-align=\"center\">Athens<\/td><td class=\"has-text-align-center\" data-align=\"center\">Georgia<\/td><td class=\"has-text-align-center\" data-align=\"center\">USA<\/td><\/tr><tr><td class=\"has-text-align-center\" data-align=\"center\">Sun<\/td><td class=\"has-text-align-center\" data-align=\"center\">Tianyi<\/td><td class=\"has-text-align-center\" data-align=\"center\">University of Chicago<\/td><td class=\"has-text-align-center\" data-align=\"center\">Chicago<\/td><td class=\"has-text-align-center\" data-align=\"center\">Illinois<\/td><td class=\"has-text-align-center\" data-align=\"center\">USA<\/td><\/tr><tr><td class=\"has-text-align-center\" data-align=\"center\">Jose<\/td><td class=\"has-text-align-center\" data-align=\"center\">Velez Marulanda<\/td><td class=\"has-text-align-center\" data-align=\"center\">Valdosta State University<\/td><td class=\"has-text-align-center\" data-align=\"center\">Valdosta<\/td><td class=\"has-text-align-center\" data-align=\"center\">Georgia<\/td><td class=\"has-text-align-center\" data-align=\"center\">USA<\/td><\/tr><tr><td class=\"has-text-align-center\" data-align=\"center\">Maria<\/td><td class=\"has-text-align-center\" data-align=\"center\">Walch<\/td><td class=\"has-text-align-center\" data-align=\"center\">TU Kaiserslautern<\/td><td class=\"has-text-align-center\" data-align=\"center\">Kaiserslautern<\/td><td class=\"has-text-align-center\" data-align=\"center\">Rheinland-Pfalz<\/td><td class=\"has-text-align-center\" data-align=\"center\">Germany<\/td><\/tr><tr><td class=\"has-text-align-center\" data-align=\"center\">Rylie<\/td><td class=\"has-text-align-center\" data-align=\"center\">Weaver<\/td><td class=\"has-text-align-center\" data-align=\"center\">University of Redlands<\/td><td class=\"has-text-align-center\" data-align=\"center\">San Jose<\/td><td class=\"has-text-align-center\" data-align=\"center\">California<\/td><td class=\"has-text-align-center\" data-align=\"center\">USA<\/td><\/tr><tr><td class=\"has-text-align-center\" data-align=\"center\">Andrea<\/td><td class=\"has-text-align-center\" data-align=\"center\">Welsh<\/td><td class=\"has-text-align-center\" data-align=\"center\">University of Pittsburgh<\/td><td class=\"has-text-align-center\" data-align=\"center\">Pittsburgh<\/td><td class=\"has-text-align-center\" data-align=\"center\">Pennsylvania<\/td><td class=\"has-text-align-center\" data-align=\"center\">USA<\/td><\/tr><tr><td class=\"has-text-align-center\" data-align=\"center\">Himanshu<\/td><td class=\"has-text-align-center\" data-align=\"center\">Yadav<\/td><td class=\"has-text-align-center\" data-align=\"center\">University of Florida<\/td><td class=\"has-text-align-center\" data-align=\"center\">Gainesville<\/td><td class=\"has-text-align-center\" data-align=\"center\">Florida<\/td><td class=\"has-text-align-center\" data-align=\"center\">USA<\/td><\/tr><\/tbody><\/table><\/figure>\n","protected":false},"excerpt":{"rendered":"<p>Name Surname Institution City Region\/State Country Elie Alhajjar USMA Ft. Montgomery New York USA Danish Ali Institute of Business Administration, Karachi, Pakistan Karachi Sindh Pakistan Niny Arcila-Maya Duke University Durham North Carolina USA Elise Askelsen The University of Iowa Iowa City Iowa USA Shaun Ault Valdosta State University Valdosta Georgia USA Brad Bailey University of&hellip;<\/p>\n","protected":false},"author":457,"featured_media":0,"parent":0,"menu_order":0,"comment_status":"closed","ping_status":"closed","template":"","meta":{"footnotes":""},"class_list":["post-57","page","type-page","status-publish","hentry","empty-entry-meta"],"acf":[],"_links":{"self":[{"href":"https:\/\/blog.valdosta.edu\/vsu-cbms-conference\/wp-json\/wp\/v2\/pages\/57","targetHints":{"allow":["GET"]}}],"collection":[{"href":"https:\/\/blog.valdosta.edu\/vsu-cbms-conference\/wp-json\/wp\/v2\/pages"}],"about":[{"href":"https:\/\/blog.valdosta.edu\/vsu-cbms-conference\/wp-json\/wp\/v2\/types\/page"}],"author":[{"embeddable":true,"href":"https:\/\/blog.valdosta.edu\/vsu-cbms-conference\/wp-json\/wp\/v2\/users\/457"}],"replies":[{"embeddable":true,"href":"https:\/\/blog.valdosta.edu\/vsu-cbms-conference\/wp-json\/wp\/v2\/comments?post=57"}],"version-history":[{"count":14,"href":"https:\/\/blog.valdosta.edu\/vsu-cbms-conference\/wp-json\/wp\/v2\/pages\/57\/revisions"}],"predecessor-version":[{"id":244,"href":"https:\/\/blog.valdosta.edu\/vsu-cbms-conference\/wp-json\/wp\/v2\/pages\/57\/revisions\/244"}],"wp:attachment":[{"href":"https:\/\/blog.valdosta.edu\/vsu-cbms-conference\/wp-json\/wp\/v2\/media?parent=57"}],"curies":[{"name":"wp","href":"https:\/\/api.w.org\/{rel}","templated":true}]}}